{"id":3463,"date":"2021-05-05T14:30:44","date_gmt":"2021-05-05T12:30:44","guid":{"rendered":"https:\/\/www.2titaliangp.it\/?page_id=3463"},"modified":"2021-05-05T14:30:44","modified_gmt":"2021-05-05T12:30:44","slug":"aprilia-honda-laurenzi","status":"publish","type":"page","link":"https:\/\/www.2titaliangp.it\/?page_id=3463","title":{"rendered":"Aprilia &#8211; Honda &#8220;Laurenzi&#8221;"},"content":{"rendered":"\n<h3 style=\"text-align: center;\"><strong>Aprilia &#8211; Honda &#8220;Laurenzi&#8221;<\/strong><\/h3>\n<p style=\"text-align: center;\">Oggi la famiglia Laurenzi ci guider\u00e0 nella scoperta delle loro moto che partecipano alla 2T ITALIAN GP: la passione di Alfio \u00e8 stata trasmessa al figlio Nicola che non si \u00e8 limitato a guidare la Honda preparata dal padre, ma l\u2019ha affiancata a una estremamente competitiva Aprilia. Le due moto si differenziano in tutto, compresa la filosofia costruttiva. Andiamo a scoprire due mondi motociclistici che si danno battaglia nella stessa categoria.<\/p>\n<p style=\"text-align: center;\"><img loading=\"lazy\" class=\"alignnone size-large wp-image-3450\" src=\"https:\/\/www.2titaliangp.it\/wp-content\/uploads\/2021\/05\/benzina-1-1024x683.jpg\" alt=\"\" width=\"1024\" height=\"683\" srcset=\"https:\/\/www.2titaliangp.it\/wp-content\/uploads\/2021\/05\/benzina-1-1024x683.jpg 1024w, https:\/\/www.2titaliangp.it\/wp-content\/uploads\/2021\/05\/benzina-1-300x200.jpg 300w, https:\/\/www.2titaliangp.it\/wp-content\/uploads\/2021\/05\/benzina-1-768x512.jpg 768w, https:\/\/www.2titaliangp.it\/wp-content\/uploads\/2021\/05\/benzina-1-600x400.jpg 600w, https:\/\/www.2titaliangp.it\/wp-content\/uploads\/2021\/05\/benzina-1-1536x1024.jpg 1536w, https:\/\/www.2titaliangp.it\/wp-content\/uploads\/2021\/05\/benzina-1.jpg 2048w\" sizes=\"(max-width: 1024px) 100vw, 1024px\" \/><\/p>\n<p style=\"text-align: center;\">Babbo Alfio e Nicola assieme alle moto che stanno dando loro tante soddisfazioni, in pista e fuori.<\/p>\n<p><img loading=\"lazy\" class=\"size-large wp-image-3464 aligncenter\" src=\"https:\/\/www.2titaliangp.it\/wp-content\/uploads\/2021\/05\/benzina-2-1024x768.jpg\" alt=\"\" width=\"1024\" height=\"768\" srcset=\"https:\/\/www.2titaliangp.it\/wp-content\/uploads\/2021\/05\/benzina-2-1024x768.jpg 1024w, https:\/\/www.2titaliangp.it\/wp-content\/uploads\/2021\/05\/benzina-2-300x225.jpg 300w, https:\/\/www.2titaliangp.it\/wp-content\/uploads\/2021\/05\/benzina-2-768x576.jpg 768w, https:\/\/www.2titaliangp.it\/wp-content\/uploads\/2021\/05\/benzina-2-600x450.jpg 600w, https:\/\/www.2titaliangp.it\/wp-content\/uploads\/2021\/05\/benzina-2-1536x1152.jpg 1536w, https:\/\/www.2titaliangp.it\/wp-content\/uploads\/2021\/05\/benzina-2.jpg 2048w\" sizes=\"(max-width: 1024px) 100vw, 1024px\" \/><\/p>\n<p style=\"text-align: center;\">L\u2019air-box Aprilia si innesta alle bocche dei carburatori, posti lateralmente al motore e diretti alle valvole rotanti, mentre quello Honda li incamera totalmente, lasciando fuori solamente il collettore di aspirazione che va al pacco lamellare.<\/p>\n<p><img loading=\"lazy\" class=\"size-large wp-image-3465 aligncenter\" src=\"https:\/\/www.2titaliangp.it\/wp-content\/uploads\/2021\/05\/benzina-3-1024x768.jpg\" alt=\"\" width=\"1024\" height=\"768\" srcset=\"https:\/\/www.2titaliangp.it\/wp-content\/uploads\/2021\/05\/benzina-3-1024x768.jpg 1024w, https:\/\/www.2titaliangp.it\/wp-content\/uploads\/2021\/05\/benzina-3-300x225.jpg 300w, https:\/\/www.2titaliangp.it\/wp-content\/uploads\/2021\/05\/benzina-3-768x576.jpg 768w, https:\/\/www.2titaliangp.it\/wp-content\/uploads\/2021\/05\/benzina-3-600x450.jpg 600w, https:\/\/www.2titaliangp.it\/wp-content\/uploads\/2021\/05\/benzina-3-1536x1152.jpg 1536w, https:\/\/www.2titaliangp.it\/wp-content\/uploads\/2021\/05\/benzina-3.jpg 2048w\" sizes=\"(max-width: 1024px) 100vw, 1024px\" \/><\/p>\n<p style=\"text-align: center;\">I Generatori sono a rotore interno per Aprilia ed esterno per Honda. La girante pompa acqua della moto italiana ha una riduzione di velocit\u00e0, mentre in quella giapponese \u00e8 innestata direttamente sul contralbero di bilanciamento con rotazione pari a quella dell\u2019albero motore.<\/p>\n<p><img loading=\"lazy\" class=\"size-large wp-image-3466 aligncenter\" src=\"https:\/\/www.2titaliangp.it\/wp-content\/uploads\/2021\/05\/benzina-4-762x1024.jpg\" alt=\"\" width=\"762\" height=\"1024\" srcset=\"https:\/\/www.2titaliangp.it\/wp-content\/uploads\/2021\/05\/benzina-4-762x1024.jpg 762w, https:\/\/www.2titaliangp.it\/wp-content\/uploads\/2021\/05\/benzina-4-223x300.jpg 223w, https:\/\/www.2titaliangp.it\/wp-content\/uploads\/2021\/05\/benzina-4-768x1032.jpg 768w, https:\/\/www.2titaliangp.it\/wp-content\/uploads\/2021\/05\/benzina-4-600x806.jpg 600w, https:\/\/www.2titaliangp.it\/wp-content\/uploads\/2021\/05\/benzina-4-1143x1536.jpg 1143w, https:\/\/www.2titaliangp.it\/wp-content\/uploads\/2021\/05\/benzina-4.jpg 1524w\" sizes=\"(max-width: 762px) 100vw, 762px\" \/><\/p>\n<p style=\"text-align: center;\">Scarico in titanio rivestito da una protezione di carbonio per la prima e scarico in acciaio per la seconda. I forcelloni sono entrambi in alluminio, standard per l\u2019Aprilia, ma specialmente realizzato per migliorare la trazione nell\u2019 Honda.<\/p>\n<p><img loading=\"lazy\" class=\"size-large wp-image-3467 aligncenter\" src=\"https:\/\/www.2titaliangp.it\/wp-content\/uploads\/2021\/05\/benzina-5-762x1024.jpg\" alt=\"\" width=\"762\" height=\"1024\" srcset=\"https:\/\/www.2titaliangp.it\/wp-content\/uploads\/2021\/05\/benzina-5-762x1024.jpg 762w, https:\/\/www.2titaliangp.it\/wp-content\/uploads\/2021\/05\/benzina-5-223x300.jpg 223w, https:\/\/www.2titaliangp.it\/wp-content\/uploads\/2021\/05\/benzina-5-768x1032.jpg 768w, https:\/\/www.2titaliangp.it\/wp-content\/uploads\/2021\/05\/benzina-5-600x806.jpg 600w, https:\/\/www.2titaliangp.it\/wp-content\/uploads\/2021\/05\/benzina-5-1143x1536.jpg 1143w, https:\/\/www.2titaliangp.it\/wp-content\/uploads\/2021\/05\/benzina-5.jpg 1524w\" sizes=\"(max-width: 762px) 100vw, 762px\" \/><\/p>\n<p style=\"text-align: center;\">La casa veneta \u00e8 sempre stata famosa per le forme curvilinee dei propri telai e ne \u00e8 chiaro esempio questo trave splendidamente modellato. La filosofia Honda, per\u00f2, pi\u00f9 dedita all\u2019industrializzazione, sforna una ciclistica pi\u00f9 \u201cfriendly\u201d e semplice nella messa a punto.<\/p>\n<p><img loading=\"lazy\" class=\"size-large wp-image-3468 aligncenter\" src=\"https:\/\/www.2titaliangp.it\/wp-content\/uploads\/2021\/05\/benzina-6-1024x683.jpg\" alt=\"\" width=\"1024\" height=\"683\" srcset=\"https:\/\/www.2titaliangp.it\/wp-content\/uploads\/2021\/05\/benzina-6-1024x683.jpg 1024w, https:\/\/www.2titaliangp.it\/wp-content\/uploads\/2021\/05\/benzina-6-300x200.jpg 300w, https:\/\/www.2titaliangp.it\/wp-content\/uploads\/2021\/05\/benzina-6-768x512.jpg 768w, https:\/\/www.2titaliangp.it\/wp-content\/uploads\/2021\/05\/benzina-6-600x400.jpg 600w, https:\/\/www.2titaliangp.it\/wp-content\/uploads\/2021\/05\/benzina-6-1536x1024.jpg 1536w, https:\/\/www.2titaliangp.it\/wp-content\/uploads\/2021\/05\/benzina-6.jpg 2048w\" sizes=\"(max-width: 1024px) 100vw, 1024px\" \/><\/p>\n<p style=\"text-align: center;\">Linee e suoni agli antipodi: se Honda prepara l\u2019occhio con le sue forme spigolose ad un suono pi\u00f9 ruvido, rimarrete basiti quando sentirete provenirne un suono pieno, avvolgente; mentre le urla graffianti verranno dalla sinuosa sagoma Aprilia, che cogliendovi impreparati vi ammalier\u00e0 con acuti pungenti.<\/p>\n","protected":false},"excerpt":{"rendered":"<p>Aprilia &#8211; Honda &#8220;Laurenzi&#8221; Oggi la famiglia Laurenzi ci guider\u00e0 nella scoperta delle loro moto che partecipano alla 2T ITALIAN GP: la passione di Alfio \u00e8 stata trasmessa al figlio Nicola che non si \u00e8 limitato a guidare la Honda preparata dal padre, ma l\u2019ha affiancata a una estremamente competitiva Aprilia. Le due moto si&hellip;<\/p>\n","protected":false},"author":2,"featured_media":0,"parent":0,"menu_order":0,"comment_status":"closed","ping_status":"closed","template":"","meta":[],"_links":{"self":[{"href":"https:\/\/www.2titaliangp.it\/index.php?rest_route=\/wp\/v2\/pages\/3463"}],"collection":[{"href":"https:\/\/www.2titaliangp.it\/index.php?rest_route=\/wp\/v2\/pages"}],"about":[{"href":"https:\/\/www.2titaliangp.it\/index.php?rest_route=\/wp\/v2\/types\/page"}],"author":[{"embeddable":true,"href":"https:\/\/www.2titaliangp.it\/index.php?rest_route=\/wp\/v2\/users\/2"}],"replies":[{"embeddable":true,"href":"https:\/\/www.2titaliangp.it\/index.php?rest_route=%2Fwp%2Fv2%2Fcomments&post=3463"}],"version-history":[{"count":2,"href":"https:\/\/www.2titaliangp.it\/index.php?rest_route=\/wp\/v2\/pages\/3463\/revisions"}],"predecessor-version":[{"id":3472,"href":"https:\/\/www.2titaliangp.it\/index.php?rest_route=\/wp\/v2\/pages\/3463\/revisions\/3472"}],"wp:attachment":[{"href":"https:\/\/www.2titaliangp.it\/index.php?rest_route=%2Fwp%2Fv2%2Fmedia&parent=3463"}],"curies":[{"name":"wp","href":"https:\/\/api.w.org\/{rel}","templated":true}]}}